{"id":57,"date":"2023-12-22T11:20:44","date_gmt":"2023-12-22T10:20:44","guid":{"rendered":"https:\/\/lichtkiste.com\/?page_id=57"},"modified":"2024-01-02T19:29:55","modified_gmt":"2024-01-02T18:29:55","slug":"3d-druck-scan","status":"publish","type":"page","link":"https:\/\/lichtkiste.com\/index.php\/3d-druck-scan\/","title":{"rendered":"3D Druck &#038; Scan"},"content":{"rendered":"<ul class=\"wp-block-latest-posts__list wp-block-latest-posts\"><li><a class=\"wp-block-latest-posts__post-title\" href=\"https:\/\/lichtkiste.com\/index.php\/2024\/01\/02\/maeusebussard-buteo-buteo\/\">M\u00e4usebussard (Buteo buteo)<\/a><div class=\"wp-block-latest-posts__post-full-content\"><!-- wp:gallery {\"linkTo\":\"none\"} -->\n<figure class=\"wp-block-gallery has-nested-images columns-default is-cropped\"><!-- wp:image {\"id\":73,\"sizeSlug\":\"large\",\"linkDestination\":\"none\"} -->\n<figure class=\"wp-block-image size-large\"><img loading=\"lazy\" decoding=\"async\" width=\"1024\" height=\"768\" src=\"https:\/\/lichtkiste.com\/wp-content\/uploads\/2024\/01\/PC307148-1024x768.jpg\" alt=\"Buteo buteo\" class=\"wp-image-73\" srcset=\"https:\/\/lichtkiste.com\/wp-content\/uploads\/2024\/01\/PC307148-1024x768.jpg 1024w, https:\/\/lichtkiste.com\/wp-content\/uploads\/2024\/01\/PC307148-300x225.jpg 300w, https:\/\/lichtkiste.com\/wp-content\/uploads\/2024\/01\/PC307148-768x576.jpg 768w, https:\/\/lichtkiste.com\/wp-content\/uploads\/2024\/01\/PC307148-1536x1152.jpg 1536w, https:\/\/lichtkiste.com\/wp-content\/uploads\/2024\/01\/PC307148-2048x1536.jpg 2048w\" sizes=\"auto, (max-width: 767px) 89vw, (max-width: 1000px) 54vw, (max-width: 1071px) 543px, 580px\" \/><\/figure>\n<!-- \/wp:image -->\n\n<!-- wp:image {\"id\":75,\"sizeSlug\":\"large\",\"linkDestination\":\"none\"} -->\n<figure class=\"wp-block-image size-large\"><img loading=\"lazy\" decoding=\"async\" width=\"1024\" height=\"768\" src=\"https:\/\/lichtkiste.com\/wp-content\/uploads\/2024\/01\/PC307153-1024x768.jpg\" alt=\"Buteo buteo\" class=\"wp-image-75\" srcset=\"https:\/\/lichtkiste.com\/wp-content\/uploads\/2024\/01\/PC307153-1024x768.jpg 1024w, https:\/\/lichtkiste.com\/wp-content\/uploads\/2024\/01\/PC307153-300x225.jpg 300w, https:\/\/lichtkiste.com\/wp-content\/uploads\/2024\/01\/PC307153-768x576.jpg 768w, https:\/\/lichtkiste.com\/wp-content\/uploads\/2024\/01\/PC307153-1536x1152.jpg 1536w, https:\/\/lichtkiste.com\/wp-content\/uploads\/2024\/01\/PC307153-2048x1536.jpg 2048w\" sizes=\"auto, (max-width: 767px) 89vw, (max-width: 1000px) 54vw, (max-width: 1071px) 543px, 580px\" \/><\/figure>\n<!-- \/wp:image -->\n\n<!-- wp:image {\"id\":74,\"sizeSlug\":\"large\",\"linkDestination\":\"none\"} -->\n<figure class=\"wp-block-image size-large\"><img loading=\"lazy\" decoding=\"async\" width=\"1024\" height=\"768\" src=\"https:\/\/lichtkiste.com\/wp-content\/uploads\/2024\/01\/PC307152-1024x768.jpg\" alt=\"Buteo buteo\" class=\"wp-image-74\" srcset=\"https:\/\/lichtkiste.com\/wp-content\/uploads\/2024\/01\/PC307152-1024x768.jpg 1024w, https:\/\/lichtkiste.com\/wp-content\/uploads\/2024\/01\/PC307152-300x225.jpg 300w, https:\/\/lichtkiste.com\/wp-content\/uploads\/2024\/01\/PC307152-768x576.jpg 768w, https:\/\/lichtkiste.com\/wp-content\/uploads\/2024\/01\/PC307152-1536x1152.jpg 1536w, https:\/\/lichtkiste.com\/wp-content\/uploads\/2024\/01\/PC307152-2048x1536.jpg 2048w\" sizes=\"auto, (max-width: 767px) 89vw, (max-width: 1000px) 54vw, (max-width: 1071px) 543px, 580px\" \/><\/figure>\n<!-- \/wp:image -->\n\n<!-- wp:image {\"id\":72,\"sizeSlug\":\"large\",\"linkDestination\":\"none\"} -->\n<figure class=\"wp-block-image size-large\"><img loading=\"lazy\" decoding=\"async\" width=\"1024\" height=\"768\" src=\"https:\/\/lichtkiste.com\/wp-content\/uploads\/2024\/01\/PC307147-1024x768.jpg\" alt=\"Buteo buteo\" class=\"wp-image-72\" srcset=\"https:\/\/lichtkiste.com\/wp-content\/uploads\/2024\/01\/PC307147-1024x768.jpg 1024w, https:\/\/lichtkiste.com\/wp-content\/uploads\/2024\/01\/PC307147-300x225.jpg 300w, https:\/\/lichtkiste.com\/wp-content\/uploads\/2024\/01\/PC307147-768x576.jpg 768w, https:\/\/lichtkiste.com\/wp-content\/uploads\/2024\/01\/PC307147-1536x1152.jpg 1536w, https:\/\/lichtkiste.com\/wp-content\/uploads\/2024\/01\/PC307147-2048x1536.jpg 2048w\" sizes=\"auto, (max-width: 767px) 89vw, (max-width: 1000px) 54vw, (max-width: 1071px) 543px, 580px\" \/><figcaption class=\"wp-element-caption\">3D Druck Sch\u00e4del eines M\u00e4usebussards<\/figcaption><\/figure>\n<!-- \/wp:image --><\/figure>\n<!-- \/wp:gallery -->\n\n<!-- wp:paragraph -->\n<p>Durch 3D Scan eines M\u00e4usebussard Sch\u00e4dels und anschlie\u00dfenden druck in Resin wurde dieser Sch\u00e4del erstellt.<\/p>\n<!-- \/wp:paragraph --><\/div><\/li>\n<li><a class=\"wp-block-latest-posts__post-title\" href=\"https:\/\/lichtkiste.com\/index.php\/2023\/12\/22\/erster-3d-druck-beitrag\/\">Erster 3D Druck Beitrag<\/a><div class=\"wp-block-latest-posts__post-full-content\"><!-- wp:image {\"id\":62,\"sizeSlug\":\"large\",\"linkDestination\":\"none\"} -->\n<figure class=\"wp-block-image size-large\"><img loading=\"lazy\" decoding=\"async\" width=\"1024\" height=\"607\" src=\"https:\/\/lichtkiste.com\/wp-content\/uploads\/2023\/12\/1703240067470-1024x607.jpg\" alt=\"\" class=\"wp-image-62\" srcset=\"https:\/\/lichtkiste.com\/wp-content\/uploads\/2023\/12\/1703240067470-1024x607.jpg 1024w, https:\/\/lichtkiste.com\/wp-content\/uploads\/2023\/12\/1703240067470-300x178.jpg 300w, https:\/\/lichtkiste.com\/wp-content\/uploads\/2023\/12\/1703240067470-768x456.jpg 768w, https:\/\/lichtkiste.com\/wp-content\/uploads\/2023\/12\/1703240067470-1536x911.jpg 1536w, https:\/\/lichtkiste.com\/wp-content\/uploads\/2023\/12\/1703240067470-2048x1215.jpg 2048w\" sizes=\"auto, (max-width: 767px) 89vw, (max-width: 1000px) 54vw, (max-width: 1071px) 543px, 580px\" \/><\/figure>\n<!-- \/wp:image --><\/div><\/li>\n<\/ul>\n\n\n<p>Sch\u00e4del eines Habichts (Accipiter gentilis)<\/p>\n","protected":false},"excerpt":{"rendered":"<p>Sch\u00e4del eines Habichts (Accipiter gentilis)<\/p>\n","protected":false},"author":1,"featured_media":73,"parent":0,"menu_order":0,"comment_status":"closed","ping_status":"closed","template":"","meta":{"footnotes":""},"class_list":["post-57","page","type-page","status-publish","has-post-thumbnail","hentry"],"_links":{"self":[{"href":"https:\/\/lichtkiste.com\/index.php\/wp-json\/wp\/v2\/pages\/57","targetHints":{"allow":["GET"]}}],"collection":[{"href":"https:\/\/lichtkiste.com\/index.php\/wp-json\/wp\/v2\/pages"}],"about":[{"href":"https:\/\/lichtkiste.com\/index.php\/wp-json\/wp\/v2\/types\/page"}],"author":[{"embeddable":true,"href":"https:\/\/lichtkiste.com\/index.php\/wp-json\/wp\/v2\/users\/1"}],"replies":[{"embeddable":true,"href":"https:\/\/lichtkiste.com\/index.php\/wp-json\/wp\/v2\/comments?post=57"}],"version-history":[{"count":3,"href":"https:\/\/lichtkiste.com\/index.php\/wp-json\/wp\/v2\/pages\/57\/revisions"}],"predecessor-version":[{"id":69,"href":"https:\/\/lichtkiste.com\/index.php\/wp-json\/wp\/v2\/pages\/57\/revisions\/69"}],"wp:featuredmedia":[{"embeddable":true,"href":"https:\/\/lichtkiste.com\/index.php\/wp-json\/wp\/v2\/media\/73"}],"wp:attachment":[{"href":"https:\/\/lichtkiste.com\/index.php\/wp-json\/wp\/v2\/media?parent=57"}],"curies":[{"name":"wp","href":"https:\/\/api.w.org\/{rel}","templated":true}]}}