{"id":26,"date":"2023-12-21T12:14:50","date_gmt":"2023-12-21T11:14:50","guid":{"rendered":"https:\/\/lichtkiste.com\/?page_id=26"},"modified":"2023-12-21T12:14:50","modified_gmt":"2023-12-21T11:14:50","slug":"impressum","status":"publish","type":"page","link":"https:\/\/lichtkiste.com\/index.php\/impressum\/","title":{"rendered":"Impressum"},"content":{"rendered":"\n<p><strong><a href=\"https:\/\/lichtkiste.com\" data-type=\"link\" data-id=\"lichtkiste.com\">Lichkiste.com<\/a><\/strong><\/p>\n\n\n\n<p>Alexander Sch\u00fcrmaier<\/p>\n\n\n\n<p>F\u00fcrstenhainerstra\u00dfe 26<\/p>\n\n\n\n<p>01139 Dresden<\/p>\n\n\n\n<p><\/p>\n\n\n\n<p>Tel: 0176 41 104 104<\/p>\n\n\n\n<p>E-Mail: alexlichtkiste@gmail.com<\/p>\n\n\n\n<p><\/p>\n\n\n\n<p>Kleinunternehmer gem\u00e4\u00df \u00a7 19 UStG<\/p>\n\n\n\n<p><\/p>\n\n\n\n<p><\/p>\n","protected":false},"excerpt":{"rendered":"<p>Lichkiste.com Alexander Sch\u00fcrmaier F\u00fcrstenhainerstra\u00dfe 26 01139 Dresden Tel: 0176 41 104 104 E-Mail: alexlichtkiste@gmail.com Kleinunternehmer gem\u00e4\u00df \u00a7 19 UStG<\/p>\n","protected":false},"author":1,"featured_media":0,"parent":0,"menu_order":0,"comment_status":"closed","ping_status":"closed","template":"","meta":{"footnotes":""},"class_list":["post-26","page","type-page","status-publish","hentry"],"_links":{"self":[{"href":"https:\/\/lichtkiste.com\/index.php\/wp-json\/wp\/v2\/pages\/26","targetHints":{"allow":["GET"]}}],"collection":[{"href":"https:\/\/lichtkiste.com\/index.php\/wp-json\/wp\/v2\/pages"}],"about":[{"href":"https:\/\/lichtkiste.com\/index.php\/wp-json\/wp\/v2\/types\/page"}],"author":[{"embeddable":true,"href":"https:\/\/lichtkiste.com\/index.php\/wp-json\/wp\/v2\/users\/1"}],"replies":[{"embeddable":true,"href":"https:\/\/lichtkiste.com\/index.php\/wp-json\/wp\/v2\/comments?post=26"}],"version-history":[{"count":1,"href":"https:\/\/lichtkiste.com\/index.php\/wp-json\/wp\/v2\/pages\/26\/revisions"}],"predecessor-version":[{"id":27,"href":"https:\/\/lichtkiste.com\/index.php\/wp-json\/wp\/v2\/pages\/26\/revisions\/27"}],"wp:attachment":[{"href":"https:\/\/lichtkiste.com\/index.php\/wp-json\/wp\/v2\/media?parent=26"}],"curies":[{"name":"wp","href":"https:\/\/api.w.org\/{rel}","templated":true}]}}